{"id":555,"date":"2013-08-10T09:16:03","date_gmt":"2013-08-10T09:16:03","guid":{"rendered":"http:\/\/uxthemes.wpengine.com\/product\/daisy-bag-sonia-by-sonia-rykiel\/"},"modified":"2025-02-24T18:07:48","modified_gmt":"2025-02-24T18:07:48","slug":"daisy-bag-sonia-by-sonia-rykiel","status":"publish","type":"product","link":"https:\/\/eldoradomultinet.com.ar\/guia\/producto\/daisy-bag-sonia-by-sonia-rykiel\/","title":{"rendered":"Gu\u00eda + web publicidad PRO"},"content":{"rendered":"<p>Gu\u00eda + web publicidad PRO\/ Estamos Fomentar el apoyo a los negocios locales, destacando su importancia para el crecimiento econ\u00f3mico y la prosperidad de Eldorado.<\/p>\n<p>Por eso te traemos la mayor oferta . tu marcara estar\u00e1 en la gu\u00eda eldorado primero en tu categoria, asi como en el fit principal, podr\u00e1s administrar la guia de tu negocio. y en la pagina web estaras en el fit principal ademas de estar en todas las entradas de noticias . te esperamos<\/p>\n","protected":false},"excerpt":{"rendered":"<p>Gu\u00eda + web publicidad PRO\/ Estamos Fomentar el apoyo a los negocios locales, destacando su importancia para el crecimiento econ\u00f3mico y la prosperidad de Eldorado. Por eso te traemos la mayor oferta . tu marcara estar\u00e1 en la gu\u00eda eldorado primero en tu categoria, asi como en el fit principal, podr\u00e1s administrar la guia de [&hellip;]<\/p>\n","protected":false},"featured_media":684,"comment_status":"open","ping_status":"closed","template":"","meta":{"om_disable_all_campaigns":false,"_monsterinsights_skip_tracking":false,"_monsterinsights_sitenote_active":false,"_monsterinsights_sitenote_note":"","_monsterinsights_sitenote_category":0,"_uf_show_specific_survey":0,"_uf_disable_surveys":false},"product_brand":[],"product_cat":[107],"product_tag":[108,165],"class_list":{"0":"post-555","1":"product","2":"type-product","3":"status-publish","4":"has-post-thumbnail","6":"product_cat-publicidad","7":"product_tag-guia-eldorado-misiones","8":"product_tag-publicidad","10":"first","11":"instock","12":"sale","13":"taxable","14":"shipping-taxable","15":"purchasable","16":"product-type-simple","17":"add-to-wishlist-after_add_to_cart"},"yoast_head":"<!-- This site is optimized with the Yoast SEO Premium plugin v18.9 (Yoast SEO v25.5) - https:\/\/yoast.com\/wordpress\/plugins\/seo\/ -->\n<title>Gu\u00eda + web publicidad PRO - Gu\u00eda eldorado 100 empresas mas conocidas<\/title>\n<meta name=\"description\" content=\"Gu\u00eda + web publicidad PRO\/ Estamos Fomentar el apoyo a los negocios locales, destacando su importancia para el crecimiento econ\u00f3mico y la prosperidad de Eldorado.\" \/>\n<meta name=\"robots\" content=\"index, follow, max-snippet:-1, max-image-preview:large, max-video-preview:-1\" \/>\n<link rel=\"canonical\" href=\"https:\/\/eldoradomultinet.com.ar\/guia\/producto\/daisy-bag-sonia-by-sonia-rykiel\/\" \/>\n<meta property=\"og:locale\" content=\"es_ES\" \/>\n<meta property=\"og:type\" content=\"article\" \/>\n<meta property=\"og:title\" content=\"Gu\u00eda + web publicidad PRO\" \/>\n<meta property=\"og:description\" content=\"Gu\u00eda + web publicidad PRO\/ Estamos Fomentar el apoyo a los negocios locales, destacando su importancia para el crecimiento econ\u00f3mico y la prosperidad de Eldorado.\" \/>\n<meta property=\"og:url\" content=\"https:\/\/eldoradomultinet.com.ar\/guia\/producto\/daisy-bag-sonia-by-sonia-rykiel\/\" \/>\n<meta property=\"og:site_name\" content=\"Gu\u00eda eldorado 100 empresas mas conocidas\" \/>\n<meta property=\"article:modified_time\" content=\"2025-02-24T18:07:48+00:00\" \/>\n<meta property=\"og:image\" content=\"https:\/\/eldoradomultinet.com.ar\/guia\/wp-content\/uploads\/sites\/24\/2014\/08\/Eldorado-4.png\" \/>\n\t<meta property=\"og:image:width\" content=\"500\" \/>\n\t<meta property=\"og:image:height\" content=\"500\" \/>\n\t<meta property=\"og:image:type\" content=\"image\/png\" \/>\n<meta name=\"twitter:card\" content=\"summary_large_image\" \/>\n<meta name=\"twitter:label1\" content=\"Tiempo de lectura\" \/>\n\t<meta name=\"twitter:data1\" content=\"1 minuto\" \/>\n<script type=\"application\/ld+json\" class=\"yoast-schema-graph\">{\"@context\":\"https:\/\/schema.org\",\"@graph\":[{\"@type\":\"WebPage\",\"@id\":\"https:\/\/eldoradomultinet.com.ar\/guia\/producto\/daisy-bag-sonia-by-sonia-rykiel\/\",\"url\":\"https:\/\/eldoradomultinet.com.ar\/guia\/producto\/daisy-bag-sonia-by-sonia-rykiel\/\",\"name\":\"Gu\u00eda + web publicidad PRO - Gu\u00eda eldorado 100 empresas mas conocidas\",\"isPartOf\":{\"@id\":\"https:\/\/eldoradomultinet.com.ar\/guia\/#website\"},\"primaryImageOfPage\":{\"@id\":\"https:\/\/eldoradomultinet.com.ar\/guia\/producto\/daisy-bag-sonia-by-sonia-rykiel\/#primaryimage\"},\"image\":{\"@id\":\"https:\/\/eldoradomultinet.com.ar\/guia\/producto\/daisy-bag-sonia-by-sonia-rykiel\/#primaryimage\"},\"thumbnailUrl\":\"https:\/\/eldoradomultinet.com.ar\/guia\/wp-content\/uploads\/sites\/24\/2014\/08\/Eldorado-4.png\",\"datePublished\":\"2013-08-10T09:16:03+00:00\",\"dateModified\":\"2025-02-24T18:07:48+00:00\",\"description\":\"Gu\u00eda + web publicidad PRO\/ Estamos Fomentar el apoyo a los negocios locales, destacando su importancia para el crecimiento econ\u00f3mico y la prosperidad de Eldorado.\",\"breadcrumb\":{\"@id\":\"https:\/\/eldoradomultinet.com.ar\/guia\/producto\/daisy-bag-sonia-by-sonia-rykiel\/#breadcrumb\"},\"inLanguage\":\"es\",\"potentialAction\":[{\"@type\":\"ReadAction\",\"target\":[\"https:\/\/eldoradomultinet.com.ar\/guia\/producto\/daisy-bag-sonia-by-sonia-rykiel\/\"]}]},{\"@type\":\"ImageObject\",\"inLanguage\":\"es\",\"@id\":\"https:\/\/eldoradomultinet.com.ar\/guia\/producto\/daisy-bag-sonia-by-sonia-rykiel\/#primaryimage\",\"url\":\"https:\/\/eldoradomultinet.com.ar\/guia\/wp-content\/uploads\/sites\/24\/2014\/08\/Eldorado-4.png\",\"contentUrl\":\"https:\/\/eldoradomultinet.com.ar\/guia\/wp-content\/uploads\/sites\/24\/2014\/08\/Eldorado-4.png\",\"width\":500,\"height\":500},{\"@type\":\"BreadcrumbList\",\"@id\":\"https:\/\/eldoradomultinet.com.ar\/guia\/producto\/daisy-bag-sonia-by-sonia-rykiel\/#breadcrumb\",\"itemListElement\":[{\"@type\":\"ListItem\",\"position\":1,\"name\":\"Portada\",\"item\":\"https:\/\/eldoradomultinet.com.ar\/guia\/\"},{\"@type\":\"ListItem\",\"position\":2,\"name\":\"Gu\u00eda + web publicidad PRO\"}]},{\"@type\":\"WebSite\",\"@id\":\"https:\/\/eldoradomultinet.com.ar\/guia\/#website\",\"url\":\"https:\/\/eldoradomultinet.com.ar\/guia\/\",\"name\":\"Gu\u00eda eldorado 100 empresas mas conocidas\",\"description\":\"Eldorado Guia- 100 empresas m\u00e1s conocidas &quot;Explora nuestra completa Gu\u00eda de Negocios Locales en Eldorado, Misiones, en Eldorado MultiNet. Encuentra los mejores negocios y vive una experiencia \u00fanica.\",\"potentialAction\":[{\"@type\":\"SearchAction\",\"target\":{\"@type\":\"EntryPoint\",\"urlTemplate\":\"https:\/\/eldoradomultinet.com.ar\/guia\/?s={search_term_string}\"},\"query-input\":{\"@type\":\"PropertyValueSpecification\",\"valueRequired\":true,\"valueName\":\"search_term_string\"}}],\"inLanguage\":\"es\"},{\"@type\":\"ImageObject\",\"inLanguage\":\"es\",\"@id\":\"https:\/\/eldoradomultinet.com.ar\/guia\/producto\/daisy-bag-sonia-by-sonia-rykiel\/#local-main-organization-logo\",\"url\":\"\",\"contentUrl\":\"\",\"caption\":\"Gu\u00eda eldorado 100 empresas mas conocidas\"}]}<\/script>\n<!-- \/ Yoast SEO Premium plugin. -->","yoast_head_json":{"title":"Gu\u00eda + web publicidad PRO - Gu\u00eda eldorado 100 empresas mas conocidas","description":"Gu\u00eda + web publicidad PRO\/ Estamos Fomentar el apoyo a los negocios locales, destacando su importancia para el crecimiento econ\u00f3mico y la prosperidad de Eldorado.","robots":{"index":"index","follow":"follow","max-snippet":"max-snippet:-1","max-image-preview":"max-image-preview:large","max-video-preview":"max-video-preview:-1"},"canonical":"https:\/\/eldoradomultinet.com.ar\/guia\/producto\/daisy-bag-sonia-by-sonia-rykiel\/","og_locale":"es_ES","og_type":"article","og_title":"Gu\u00eda + web publicidad PRO","og_description":"Gu\u00eda + web publicidad PRO\/ Estamos Fomentar el apoyo a los negocios locales, destacando su importancia para el crecimiento econ\u00f3mico y la prosperidad de Eldorado.","og_url":"https:\/\/eldoradomultinet.com.ar\/guia\/producto\/daisy-bag-sonia-by-sonia-rykiel\/","og_site_name":"Gu\u00eda eldorado 100 empresas mas conocidas","article_modified_time":"2025-02-24T18:07:48+00:00","og_image":[{"width":500,"height":500,"url":"https:\/\/eldoradomultinet.com.ar\/guia\/wp-content\/uploads\/sites\/24\/2014\/08\/Eldorado-4.png","type":"image\/png"}],"twitter_card":"summary_large_image","twitter_misc":{"Tiempo de lectura":"1 minuto"},"schema":{"@context":"https:\/\/schema.org","@graph":[{"@type":"WebPage","@id":"https:\/\/eldoradomultinet.com.ar\/guia\/producto\/daisy-bag-sonia-by-sonia-rykiel\/","url":"https:\/\/eldoradomultinet.com.ar\/guia\/producto\/daisy-bag-sonia-by-sonia-rykiel\/","name":"Gu\u00eda + web publicidad PRO - Gu\u00eda eldorado 100 empresas mas conocidas","isPartOf":{"@id":"https:\/\/eldoradomultinet.com.ar\/guia\/#website"},"primaryImageOfPage":{"@id":"https:\/\/eldoradomultinet.com.ar\/guia\/producto\/daisy-bag-sonia-by-sonia-rykiel\/#primaryimage"},"image":{"@id":"https:\/\/eldoradomultinet.com.ar\/guia\/producto\/daisy-bag-sonia-by-sonia-rykiel\/#primaryimage"},"thumbnailUrl":"https:\/\/eldoradomultinet.com.ar\/guia\/wp-content\/uploads\/sites\/24\/2014\/08\/Eldorado-4.png","datePublished":"2013-08-10T09:16:03+00:00","dateModified":"2025-02-24T18:07:48+00:00","description":"Gu\u00eda + web publicidad PRO\/ Estamos Fomentar el apoyo a los negocios locales, destacando su importancia para el crecimiento econ\u00f3mico y la prosperidad de Eldorado.","breadcrumb":{"@id":"https:\/\/eldoradomultinet.com.ar\/guia\/producto\/daisy-bag-sonia-by-sonia-rykiel\/#breadcrumb"},"inLanguage":"es","potentialAction":[{"@type":"ReadAction","target":["https:\/\/eldoradomultinet.com.ar\/guia\/producto\/daisy-bag-sonia-by-sonia-rykiel\/"]}]},{"@type":"ImageObject","inLanguage":"es","@id":"https:\/\/eldoradomultinet.com.ar\/guia\/producto\/daisy-bag-sonia-by-sonia-rykiel\/#primaryimage","url":"https:\/\/eldoradomultinet.com.ar\/guia\/wp-content\/uploads\/sites\/24\/2014\/08\/Eldorado-4.png","contentUrl":"https:\/\/eldoradomultinet.com.ar\/guia\/wp-content\/uploads\/sites\/24\/2014\/08\/Eldorado-4.png","width":500,"height":500},{"@type":"BreadcrumbList","@id":"https:\/\/eldoradomultinet.com.ar\/guia\/producto\/daisy-bag-sonia-by-sonia-rykiel\/#breadcrumb","itemListElement":[{"@type":"ListItem","position":1,"name":"Portada","item":"https:\/\/eldoradomultinet.com.ar\/guia\/"},{"@type":"ListItem","position":2,"name":"Gu\u00eda + web publicidad PRO"}]},{"@type":"WebSite","@id":"https:\/\/eldoradomultinet.com.ar\/guia\/#website","url":"https:\/\/eldoradomultinet.com.ar\/guia\/","name":"Gu\u00eda eldorado 100 empresas mas conocidas","description":"Eldorado Guia- 100 empresas m\u00e1s conocidas &quot;Explora nuestra completa Gu\u00eda de Negocios Locales en Eldorado, Misiones, en Eldorado MultiNet. Encuentra los mejores negocios y vive una experiencia \u00fanica.","potentialAction":[{"@type":"SearchAction","target":{"@type":"EntryPoint","urlTemplate":"https:\/\/eldoradomultinet.com.ar\/guia\/?s={search_term_string}"},"query-input":{"@type":"PropertyValueSpecification","valueRequired":true,"valueName":"search_term_string"}}],"inLanguage":"es"},{"@type":"ImageObject","inLanguage":"es","@id":"https:\/\/eldoradomultinet.com.ar\/guia\/producto\/daisy-bag-sonia-by-sonia-rykiel\/#local-main-organization-logo","url":"","contentUrl":"","caption":"Gu\u00eda eldorado 100 empresas mas conocidas"}]}},"_links":{"self":[{"href":"https:\/\/eldoradomultinet.com.ar\/guia\/wp-json\/wp\/v2\/product\/555","targetHints":{"allow":["GET"]}}],"collection":[{"href":"https:\/\/eldoradomultinet.com.ar\/guia\/wp-json\/wp\/v2\/product"}],"about":[{"href":"https:\/\/eldoradomultinet.com.ar\/guia\/wp-json\/wp\/v2\/types\/product"}],"replies":[{"embeddable":true,"href":"https:\/\/eldoradomultinet.com.ar\/guia\/wp-json\/wp\/v2\/comments?post=555"}],"wp:featuredmedia":[{"embeddable":true,"href":"https:\/\/eldoradomultinet.com.ar\/guia\/wp-json\/wp\/v2\/media\/684"}],"wp:attachment":[{"href":"https:\/\/eldoradomultinet.com.ar\/guia\/wp-json\/wp\/v2\/media?parent=555"}],"wp:term":[{"taxonomy":"product_brand","embeddable":true,"href":"https:\/\/eldoradomultinet.com.ar\/guia\/wp-json\/wp\/v2\/product_brand?post=555"},{"taxonomy":"product_cat","embeddable":true,"href":"https:\/\/eldoradomultinet.com.ar\/guia\/wp-json\/wp\/v2\/product_cat?post=555"},{"taxonomy":"product_tag","embeddable":true,"href":"https:\/\/eldoradomultinet.com.ar\/guia\/wp-json\/wp\/v2\/product_tag?post=555"}],"curies":[{"name":"wp","href":"https:\/\/api.w.org\/{rel}","templated":true}]}}