{"id":536,"date":"2014-08-10T10:06:55","date_gmt":"2014-08-10T10:06:55","guid":{"rendered":"http:\/\/uxthemes.wpengine.com\/?post_type=product&#038;p=395"},"modified":"2025-02-24T18:04:15","modified_gmt":"2025-02-24T18:04:15","slug":"publicidad-guia-pagina-web","status":"publish","type":"product","link":"https:\/\/eldoradomultinet.com.ar\/guia\/producto\/publicidad-guia-pagina-web\/","title":{"rendered":"Publicidad Guia + Pagina Web"},"content":{"rendered":"<p>Publicidad Guia + Pagina Web \/ Estamos Fomentar el apoyo a los negocios locales, destacando su importancia para el crecimiento econ\u00f3mico y la prosperidad de Eldorado. Queremos Servir como un punto de encuentro en l\u00ednea donde los residentes pueden encontrar f\u00e1cilmente informaci\u00f3n sobre negocios locales, eventos y noticias de la comunidad.<\/p>\n<p>por eso te ofrecemos esta \u00fanica oportunidad de invertir en la guia y pagina web a un precio de super oferta-<\/p>\n","protected":false},"excerpt":{"rendered":"<p><strong>Por Qu\u00e9 Elegir a los Negocios Locales:<\/strong>\u00a0Valoramos la importancia de apoyar a las empresas locales. Al hacerlo, no solo fortalecemos la econom\u00eda de nuestra comunidad, sino que tambi\u00e9n creamos v\u00ednculos m\u00e1s fuertes entre vecinos. Los negocios locales ofrecen productos y servicios de alta calidad, atenci\u00f3n personalizada y un toque especial que no encontrar\u00e1s en las cadenas comerciales.<\/p>\n<p><strong>Diversidad de Categor\u00edas:<\/strong>\u00a0Nuestra gu\u00eda abarca una amplia variedad de categor\u00edas, desde restaurantes y tiendas minoristas hasta proveedores de servicios profesionales y comerciantes locales. Sea lo que sea que est\u00e9s buscando, lo encontrar\u00e1s en la Gu\u00eda de Negocios Locales de Eldorado, Misiones.<\/p>\n","protected":false},"featured_media":686,"comment_status":"open","ping_status":"closed","template":"","meta":{"om_disable_all_campaigns":false,"_monsterinsights_skip_tracking":false,"_monsterinsights_sitenote_active":false,"_monsterinsights_sitenote_note":"","_monsterinsights_sitenote_category":0,"_uf_show_specific_survey":0,"_uf_disable_surveys":false},"product_brand":[],"product_cat":[107],"product_tag":[165],"class_list":{"0":"post-536","1":"product","2":"type-product","3":"status-publish","4":"has-post-thumbnail","6":"product_cat-publicidad","7":"product_tag-publicidad","9":"first","10":"instock","11":"sale","12":"virtual","13":"taxable","14":"purchasable","15":"product-type-simple","16":"add-to-wishlist-after_add_to_cart"},"yoast_head":"<!-- This site is optimized with the Yoast SEO Premium plugin v18.9 (Yoast SEO v25.5) - https:\/\/yoast.com\/wordpress\/plugins\/seo\/ -->\n<title>Publicidad Guia + Pagina Web - Gu\u00eda eldorado 100 empresas mas conocidas<\/title>\n<meta name=\"description\" content=\"Publicidad Guia + Pagina Web \/ Estamos Fomentar el apoyo a los negocios locales, destacando su importancia para el crecimiento econ\u00f3mico y la prosperidad de Eldorado.\" \/>\n<meta name=\"robots\" content=\"index, follow, max-snippet:-1, max-image-preview:large, max-video-preview:-1\" \/>\n<link rel=\"canonical\" href=\"https:\/\/eldoradomultinet.com.ar\/guia\/producto\/publicidad-guia-pagina-web\/\" \/>\n<meta property=\"og:locale\" content=\"es_ES\" \/>\n<meta property=\"og:type\" content=\"article\" \/>\n<meta property=\"og:title\" content=\"Publicidad Guia + Pagina Web\" \/>\n<meta property=\"og:description\" content=\"Publicidad Guia + Pagina Web \/ Estamos Fomentar el apoyo a los negocios locales, destacando su importancia para el crecimiento econ\u00f3mico y la prosperidad de Eldorado.\" \/>\n<meta property=\"og:url\" content=\"https:\/\/eldoradomultinet.com.ar\/guia\/producto\/publicidad-guia-pagina-web\/\" \/>\n<meta property=\"og:site_name\" content=\"Gu\u00eda eldorado 100 empresas mas conocidas\" \/>\n<meta property=\"article:modified_time\" content=\"2025-02-24T18:04:15+00:00\" \/>\n<meta property=\"og:image\" content=\"https:\/\/eldoradomultinet.com.ar\/guia\/wp-content\/uploads\/sites\/24\/2014\/08\/eldoradomultinet.com_.ar_.png\" \/>\n\t<meta property=\"og:image:width\" content=\"800\" \/>\n\t<meta property=\"og:image:height\" content=\"800\" \/>\n\t<meta property=\"og:image:type\" content=\"image\/png\" \/>\n<meta name=\"twitter:card\" content=\"summary_large_image\" \/>\n<meta name=\"twitter:label1\" content=\"Tiempo de lectura\" \/>\n\t<meta name=\"twitter:data1\" content=\"1 minuto\" \/>\n<script type=\"application\/ld+json\" class=\"yoast-schema-graph\">{\"@context\":\"https:\/\/schema.org\",\"@graph\":[{\"@type\":\"WebPage\",\"@id\":\"https:\/\/eldoradomultinet.com.ar\/guia\/producto\/publicidad-guia-pagina-web\/\",\"url\":\"https:\/\/eldoradomultinet.com.ar\/guia\/producto\/publicidad-guia-pagina-web\/\",\"name\":\"Publicidad Guia + Pagina Web - Gu\u00eda eldorado 100 empresas mas conocidas\",\"isPartOf\":{\"@id\":\"https:\/\/eldoradomultinet.com.ar\/guia\/#website\"},\"primaryImageOfPage\":{\"@id\":\"https:\/\/eldoradomultinet.com.ar\/guia\/producto\/publicidad-guia-pagina-web\/#primaryimage\"},\"image\":{\"@id\":\"https:\/\/eldoradomultinet.com.ar\/guia\/producto\/publicidad-guia-pagina-web\/#primaryimage\"},\"thumbnailUrl\":\"https:\/\/eldoradomultinet.com.ar\/guia\/wp-content\/uploads\/sites\/24\/2014\/08\/eldoradomultinet.com_.ar_.png\",\"datePublished\":\"2014-08-10T10:06:55+00:00\",\"dateModified\":\"2025-02-24T18:04:15+00:00\",\"description\":\"Publicidad Guia + Pagina Web \/ Estamos Fomentar el apoyo a los negocios locales, destacando su importancia para el crecimiento econ\u00f3mico y la prosperidad de Eldorado.\",\"breadcrumb\":{\"@id\":\"https:\/\/eldoradomultinet.com.ar\/guia\/producto\/publicidad-guia-pagina-web\/#breadcrumb\"},\"inLanguage\":\"es\",\"potentialAction\":[{\"@type\":\"ReadAction\",\"target\":[\"https:\/\/eldoradomultinet.com.ar\/guia\/producto\/publicidad-guia-pagina-web\/\"]}]},{\"@type\":\"ImageObject\",\"inLanguage\":\"es\",\"@id\":\"https:\/\/eldoradomultinet.com.ar\/guia\/producto\/publicidad-guia-pagina-web\/#primaryimage\",\"url\":\"https:\/\/eldoradomultinet.com.ar\/guia\/wp-content\/uploads\/sites\/24\/2014\/08\/eldoradomultinet.com_.ar_.png\",\"contentUrl\":\"https:\/\/eldoradomultinet.com.ar\/guia\/wp-content\/uploads\/sites\/24\/2014\/08\/eldoradomultinet.com_.ar_.png\",\"width\":800,\"height\":800},{\"@type\":\"BreadcrumbList\",\"@id\":\"https:\/\/eldoradomultinet.com.ar\/guia\/producto\/publicidad-guia-pagina-web\/#breadcrumb\",\"itemListElement\":[{\"@type\":\"ListItem\",\"position\":1,\"name\":\"Portada\",\"item\":\"https:\/\/eldoradomultinet.com.ar\/guia\/\"},{\"@type\":\"ListItem\",\"position\":2,\"name\":\"Publicidad Guia + Pagina Web\"}]},{\"@type\":\"WebSite\",\"@id\":\"https:\/\/eldoradomultinet.com.ar\/guia\/#website\",\"url\":\"https:\/\/eldoradomultinet.com.ar\/guia\/\",\"name\":\"Gu\u00eda eldorado 100 empresas mas conocidas\",\"description\":\"Eldorado Guia- 100 empresas m\u00e1s conocidas &quot;Explora nuestra completa Gu\u00eda de Negocios Locales en Eldorado, Misiones, en Eldorado MultiNet. Encuentra los mejores negocios y vive una experiencia \u00fanica.\",\"potentialAction\":[{\"@type\":\"SearchAction\",\"target\":{\"@type\":\"EntryPoint\",\"urlTemplate\":\"https:\/\/eldoradomultinet.com.ar\/guia\/?s={search_term_string}\"},\"query-input\":{\"@type\":\"PropertyValueSpecification\",\"valueRequired\":true,\"valueName\":\"search_term_string\"}}],\"inLanguage\":\"es\"},{\"@type\":\"ImageObject\",\"inLanguage\":\"es\",\"@id\":\"https:\/\/eldoradomultinet.com.ar\/guia\/producto\/publicidad-guia-pagina-web\/#local-main-organization-logo\",\"url\":\"\",\"contentUrl\":\"\",\"caption\":\"Gu\u00eda eldorado 100 empresas mas conocidas\"}]}<\/script>\n<!-- \/ Yoast SEO Premium plugin. -->","yoast_head_json":{"title":"Publicidad Guia + Pagina Web - Gu\u00eda eldorado 100 empresas mas conocidas","description":"Publicidad Guia + Pagina Web \/ Estamos Fomentar el apoyo a los negocios locales, destacando su importancia para el crecimiento econ\u00f3mico y la prosperidad de Eldorado.","robots":{"index":"index","follow":"follow","max-snippet":"max-snippet:-1","max-image-preview":"max-image-preview:large","max-video-preview":"max-video-preview:-1"},"canonical":"https:\/\/eldoradomultinet.com.ar\/guia\/producto\/publicidad-guia-pagina-web\/","og_locale":"es_ES","og_type":"article","og_title":"Publicidad Guia + Pagina Web","og_description":"Publicidad Guia + Pagina Web \/ Estamos Fomentar el apoyo a los negocios locales, destacando su importancia para el crecimiento econ\u00f3mico y la prosperidad de Eldorado.","og_url":"https:\/\/eldoradomultinet.com.ar\/guia\/producto\/publicidad-guia-pagina-web\/","og_site_name":"Gu\u00eda eldorado 100 empresas mas conocidas","article_modified_time":"2025-02-24T18:04:15+00:00","og_image":[{"width":800,"height":800,"url":"https:\/\/eldoradomultinet.com.ar\/guia\/wp-content\/uploads\/sites\/24\/2014\/08\/eldoradomultinet.com_.ar_.png","type":"image\/png"}],"twitter_card":"summary_large_image","twitter_misc":{"Tiempo de lectura":"1 minuto"},"schema":{"@context":"https:\/\/schema.org","@graph":[{"@type":"WebPage","@id":"https:\/\/eldoradomultinet.com.ar\/guia\/producto\/publicidad-guia-pagina-web\/","url":"https:\/\/eldoradomultinet.com.ar\/guia\/producto\/publicidad-guia-pagina-web\/","name":"Publicidad Guia + Pagina Web - Gu\u00eda eldorado 100 empresas mas conocidas","isPartOf":{"@id":"https:\/\/eldoradomultinet.com.ar\/guia\/#website"},"primaryImageOfPage":{"@id":"https:\/\/eldoradomultinet.com.ar\/guia\/producto\/publicidad-guia-pagina-web\/#primaryimage"},"image":{"@id":"https:\/\/eldoradomultinet.com.ar\/guia\/producto\/publicidad-guia-pagina-web\/#primaryimage"},"thumbnailUrl":"https:\/\/eldoradomultinet.com.ar\/guia\/wp-content\/uploads\/sites\/24\/2014\/08\/eldoradomultinet.com_.ar_.png","datePublished":"2014-08-10T10:06:55+00:00","dateModified":"2025-02-24T18:04:15+00:00","description":"Publicidad Guia + Pagina Web \/ Estamos Fomentar el apoyo a los negocios locales, destacando su importancia para el crecimiento econ\u00f3mico y la prosperidad de Eldorado.","breadcrumb":{"@id":"https:\/\/eldoradomultinet.com.ar\/guia\/producto\/publicidad-guia-pagina-web\/#breadcrumb"},"inLanguage":"es","potentialAction":[{"@type":"ReadAction","target":["https:\/\/eldoradomultinet.com.ar\/guia\/producto\/publicidad-guia-pagina-web\/"]}]},{"@type":"ImageObject","inLanguage":"es","@id":"https:\/\/eldoradomultinet.com.ar\/guia\/producto\/publicidad-guia-pagina-web\/#primaryimage","url":"https:\/\/eldoradomultinet.com.ar\/guia\/wp-content\/uploads\/sites\/24\/2014\/08\/eldoradomultinet.com_.ar_.png","contentUrl":"https:\/\/eldoradomultinet.com.ar\/guia\/wp-content\/uploads\/sites\/24\/2014\/08\/eldoradomultinet.com_.ar_.png","width":800,"height":800},{"@type":"BreadcrumbList","@id":"https:\/\/eldoradomultinet.com.ar\/guia\/producto\/publicidad-guia-pagina-web\/#breadcrumb","itemListElement":[{"@type":"ListItem","position":1,"name":"Portada","item":"https:\/\/eldoradomultinet.com.ar\/guia\/"},{"@type":"ListItem","position":2,"name":"Publicidad Guia + Pagina Web"}]},{"@type":"WebSite","@id":"https:\/\/eldoradomultinet.com.ar\/guia\/#website","url":"https:\/\/eldoradomultinet.com.ar\/guia\/","name":"Gu\u00eda eldorado 100 empresas mas conocidas","description":"Eldorado Guia- 100 empresas m\u00e1s conocidas &quot;Explora nuestra completa Gu\u00eda de Negocios Locales en Eldorado, Misiones, en Eldorado MultiNet. Encuentra los mejores negocios y vive una experiencia \u00fanica.","potentialAction":[{"@type":"SearchAction","target":{"@type":"EntryPoint","urlTemplate":"https:\/\/eldoradomultinet.com.ar\/guia\/?s={search_term_string}"},"query-input":{"@type":"PropertyValueSpecification","valueRequired":true,"valueName":"search_term_string"}}],"inLanguage":"es"},{"@type":"ImageObject","inLanguage":"es","@id":"https:\/\/eldoradomultinet.com.ar\/guia\/producto\/publicidad-guia-pagina-web\/#local-main-organization-logo","url":"","contentUrl":"","caption":"Gu\u00eda eldorado 100 empresas mas conocidas"}]}},"_links":{"self":[{"href":"https:\/\/eldoradomultinet.com.ar\/guia\/wp-json\/wp\/v2\/product\/536","targetHints":{"allow":["GET"]}}],"collection":[{"href":"https:\/\/eldoradomultinet.com.ar\/guia\/wp-json\/wp\/v2\/product"}],"about":[{"href":"https:\/\/eldoradomultinet.com.ar\/guia\/wp-json\/wp\/v2\/types\/product"}],"replies":[{"embeddable":true,"href":"https:\/\/eldoradomultinet.com.ar\/guia\/wp-json\/wp\/v2\/comments?post=536"}],"wp:featuredmedia":[{"embeddable":true,"href":"https:\/\/eldoradomultinet.com.ar\/guia\/wp-json\/wp\/v2\/media\/686"}],"wp:attachment":[{"href":"https:\/\/eldoradomultinet.com.ar\/guia\/wp-json\/wp\/v2\/media?parent=536"}],"wp:term":[{"taxonomy":"product_brand","embeddable":true,"href":"https:\/\/eldoradomultinet.com.ar\/guia\/wp-json\/wp\/v2\/product_brand?post=536"},{"taxonomy":"product_cat","embeddable":true,"href":"https:\/\/eldoradomultinet.com.ar\/guia\/wp-json\/wp\/v2\/product_cat?post=536"},{"taxonomy":"product_tag","embeddable":true,"href":"https:\/\/eldoradomultinet.com.ar\/guia\/wp-json\/wp\/v2\/product_tag?post=536"}],"curies":[{"name":"wp","href":"https:\/\/api.w.org\/{rel}","templated":true}]}}