{"id":1284,"date":"2024-05-01T02:14:05","date_gmt":"2024-05-01T02:14:05","guid":{"rendered":"https:\/\/eldoradomultinet.com.ar\/guia\/?post_type=product&#038;p=1284"},"modified":"2025-02-24T18:00:10","modified_gmt":"2025-02-24T18:00:10","slug":"guias-eldorado-barberias-y-peluquerias","status":"publish","type":"product","link":"https:\/\/eldoradomultinet.com.ar\/guia\/producto\/guias-eldorado-barberias-y-peluquerias\/","title":{"rendered":"GU\u00cdAS Eldorado Barberias y peluquerias"},"content":{"rendered":"","protected":false},"excerpt":{"rendered":"","protected":false},"featured_media":1285,"comment_status":"open","ping_status":"closed","template":"","meta":{"om_disable_all_campaigns":false,"_monsterinsights_skip_tracking":false,"_monsterinsights_sitenote_active":false,"_monsterinsights_sitenote_note":"","_monsterinsights_sitenote_category":0,"_uf_show_specific_survey":0,"_uf_disable_surveys":false},"product_brand":[],"product_cat":[107],"product_tag":[],"class_list":{"0":"post-1284","1":"product","2":"type-product","3":"status-publish","4":"has-post-thumbnail","6":"product_cat-publicidad","8":"first","9":"instock","10":"sale","11":"virtual","12":"taxable","13":"purchasable","14":"product-type-simple","15":"add-to-wishlist-after_add_to_cart"},"yoast_head":"<!-- This site is optimized with the Yoast SEO Premium plugin v18.9 (Yoast SEO v25.5) - https:\/\/yoast.com\/wordpress\/plugins\/seo\/ -->\n<title>GU\u00cdAS Eldorado Barberias y peluquerias - Gu\u00eda eldorado 100 empresas mas conocidas<\/title>\n<meta name=\"description\" content=\"Peluquer\u00edas, barber\u00edas, Institutos, salones de bellezas, perfumer\u00edas y mas relacionado a la belleza, que ten\u00e9s que conocer\" \/>\n<meta name=\"robots\" content=\"index, follow, max-snippet:-1, max-image-preview:large, max-video-preview:-1\" \/>\n<link rel=\"canonical\" href=\"https:\/\/eldoradomultinet.com.ar\/guia\/producto\/guias-eldorado-barberias-y-peluquerias\/\" \/>\n<meta property=\"og:locale\" content=\"es_ES\" \/>\n<meta property=\"og:type\" content=\"article\" \/>\n<meta property=\"og:title\" content=\"GU\u00cdAS Eldorado Barberias y peluquerias\" \/>\n<meta property=\"og:description\" content=\"Peluquer\u00edas, barber\u00edas, Institutos, salones de bellezas, perfumer\u00edas y mas relacionado a la belleza, que ten\u00e9s que conocer\" \/>\n<meta property=\"og:url\" content=\"https:\/\/eldoradomultinet.com.ar\/guia\/producto\/guias-eldorado-barberias-y-peluquerias\/\" \/>\n<meta property=\"og:site_name\" content=\"Gu\u00eda eldorado 100 empresas mas conocidas\" \/>\n<meta property=\"article:modified_time\" content=\"2025-02-24T18:00:10+00:00\" \/>\n<meta property=\"og:image\" content=\"https:\/\/eldoradomultinet.com.ar\/guia\/wp-content\/uploads\/sites\/24\/2024\/05\/Eldorado3.png\" \/>\n\t<meta property=\"og:image:width\" content=\"500\" \/>\n\t<meta property=\"og:image:height\" content=\"500\" \/>\n\t<meta property=\"og:image:type\" content=\"image\/png\" \/>\n<meta name=\"twitter:card\" content=\"summary_large_image\" \/>\n<script type=\"application\/ld+json\" class=\"yoast-schema-graph\">{\"@context\":\"https:\/\/schema.org\",\"@graph\":[{\"@type\":\"WebPage\",\"@id\":\"https:\/\/eldoradomultinet.com.ar\/guia\/producto\/guias-eldorado-barberias-y-peluquerias\/\",\"url\":\"https:\/\/eldoradomultinet.com.ar\/guia\/producto\/guias-eldorado-barberias-y-peluquerias\/\",\"name\":\"GU\u00cdAS Eldorado Barberias y peluquerias - Gu\u00eda eldorado 100 empresas mas conocidas\",\"isPartOf\":{\"@id\":\"https:\/\/eldoradomultinet.com.ar\/guia\/#website\"},\"primaryImageOfPage\":{\"@id\":\"https:\/\/eldoradomultinet.com.ar\/guia\/producto\/guias-eldorado-barberias-y-peluquerias\/#primaryimage\"},\"image\":{\"@id\":\"https:\/\/eldoradomultinet.com.ar\/guia\/producto\/guias-eldorado-barberias-y-peluquerias\/#primaryimage\"},\"thumbnailUrl\":\"https:\/\/eldoradomultinet.com.ar\/guia\/wp-content\/uploads\/sites\/24\/2024\/05\/Eldorado3.png\",\"datePublished\":\"2024-05-01T02:14:05+00:00\",\"dateModified\":\"2025-02-24T18:00:10+00:00\",\"description\":\"Peluquer\u00edas, barber\u00edas, Institutos, salones de bellezas, perfumer\u00edas y mas relacionado a la belleza, que ten\u00e9s que conocer\",\"breadcrumb\":{\"@id\":\"https:\/\/eldoradomultinet.com.ar\/guia\/producto\/guias-eldorado-barberias-y-peluquerias\/#breadcrumb\"},\"inLanguage\":\"es\",\"potentialAction\":[{\"@type\":\"ReadAction\",\"target\":[\"https:\/\/eldoradomultinet.com.ar\/guia\/producto\/guias-eldorado-barberias-y-peluquerias\/\"]}]},{\"@type\":\"ImageObject\",\"inLanguage\":\"es\",\"@id\":\"https:\/\/eldoradomultinet.com.ar\/guia\/producto\/guias-eldorado-barberias-y-peluquerias\/#primaryimage\",\"url\":\"https:\/\/eldoradomultinet.com.ar\/guia\/wp-content\/uploads\/sites\/24\/2024\/05\/Eldorado3.png\",\"contentUrl\":\"https:\/\/eldoradomultinet.com.ar\/guia\/wp-content\/uploads\/sites\/24\/2024\/05\/Eldorado3.png\",\"width\":500,\"height\":500},{\"@type\":\"BreadcrumbList\",\"@id\":\"https:\/\/eldoradomultinet.com.ar\/guia\/producto\/guias-eldorado-barberias-y-peluquerias\/#breadcrumb\",\"itemListElement\":[{\"@type\":\"ListItem\",\"position\":1,\"name\":\"Portada\",\"item\":\"https:\/\/eldoradomultinet.com.ar\/guia\/\"},{\"@type\":\"ListItem\",\"position\":2,\"name\":\"GU\u00cdAS Eldorado Barberias y peluquerias\"}]},{\"@type\":\"WebSite\",\"@id\":\"https:\/\/eldoradomultinet.com.ar\/guia\/#website\",\"url\":\"https:\/\/eldoradomultinet.com.ar\/guia\/\",\"name\":\"Gu\u00eda eldorado 100 empresas mas conocidas\",\"description\":\"Eldorado Guia- 100 empresas m\u00e1s conocidas &quot;Explora nuestra completa Gu\u00eda de Negocios Locales en Eldorado, Misiones, en Eldorado MultiNet. Encuentra los mejores negocios y vive una experiencia \u00fanica.\",\"potentialAction\":[{\"@type\":\"SearchAction\",\"target\":{\"@type\":\"EntryPoint\",\"urlTemplate\":\"https:\/\/eldoradomultinet.com.ar\/guia\/?s={search_term_string}\"},\"query-input\":{\"@type\":\"PropertyValueSpecification\",\"valueRequired\":true,\"valueName\":\"search_term_string\"}}],\"inLanguage\":\"es\"},{\"@type\":\"ImageObject\",\"inLanguage\":\"es\",\"@id\":\"https:\/\/eldoradomultinet.com.ar\/guia\/producto\/guias-eldorado-barberias-y-peluquerias\/#local-main-organization-logo\",\"url\":\"\",\"contentUrl\":\"\",\"caption\":\"Gu\u00eda eldorado 100 empresas mas conocidas\"}]}<\/script>\n<!-- \/ Yoast SEO Premium plugin. -->","yoast_head_json":{"title":"GU\u00cdAS Eldorado Barberias y peluquerias - Gu\u00eda eldorado 100 empresas mas conocidas","description":"Peluquer\u00edas, barber\u00edas, Institutos, salones de bellezas, perfumer\u00edas y mas relacionado a la belleza, que ten\u00e9s que conocer","robots":{"index":"index","follow":"follow","max-snippet":"max-snippet:-1","max-image-preview":"max-image-preview:large","max-video-preview":"max-video-preview:-1"},"canonical":"https:\/\/eldoradomultinet.com.ar\/guia\/producto\/guias-eldorado-barberias-y-peluquerias\/","og_locale":"es_ES","og_type":"article","og_title":"GU\u00cdAS Eldorado Barberias y peluquerias","og_description":"Peluquer\u00edas, barber\u00edas, Institutos, salones de bellezas, perfumer\u00edas y mas relacionado a la belleza, que ten\u00e9s que conocer","og_url":"https:\/\/eldoradomultinet.com.ar\/guia\/producto\/guias-eldorado-barberias-y-peluquerias\/","og_site_name":"Gu\u00eda eldorado 100 empresas mas conocidas","article_modified_time":"2025-02-24T18:00:10+00:00","og_image":[{"width":500,"height":500,"url":"https:\/\/eldoradomultinet.com.ar\/guia\/wp-content\/uploads\/sites\/24\/2024\/05\/Eldorado3.png","type":"image\/png"}],"twitter_card":"summary_large_image","schema":{"@context":"https:\/\/schema.org","@graph":[{"@type":"WebPage","@id":"https:\/\/eldoradomultinet.com.ar\/guia\/producto\/guias-eldorado-barberias-y-peluquerias\/","url":"https:\/\/eldoradomultinet.com.ar\/guia\/producto\/guias-eldorado-barberias-y-peluquerias\/","name":"GU\u00cdAS Eldorado Barberias y peluquerias - Gu\u00eda eldorado 100 empresas mas conocidas","isPartOf":{"@id":"https:\/\/eldoradomultinet.com.ar\/guia\/#website"},"primaryImageOfPage":{"@id":"https:\/\/eldoradomultinet.com.ar\/guia\/producto\/guias-eldorado-barberias-y-peluquerias\/#primaryimage"},"image":{"@id":"https:\/\/eldoradomultinet.com.ar\/guia\/producto\/guias-eldorado-barberias-y-peluquerias\/#primaryimage"},"thumbnailUrl":"https:\/\/eldoradomultinet.com.ar\/guia\/wp-content\/uploads\/sites\/24\/2024\/05\/Eldorado3.png","datePublished":"2024-05-01T02:14:05+00:00","dateModified":"2025-02-24T18:00:10+00:00","description":"Peluquer\u00edas, barber\u00edas, Institutos, salones de bellezas, perfumer\u00edas y mas relacionado a la belleza, que ten\u00e9s que conocer","breadcrumb":{"@id":"https:\/\/eldoradomultinet.com.ar\/guia\/producto\/guias-eldorado-barberias-y-peluquerias\/#breadcrumb"},"inLanguage":"es","potentialAction":[{"@type":"ReadAction","target":["https:\/\/eldoradomultinet.com.ar\/guia\/producto\/guias-eldorado-barberias-y-peluquerias\/"]}]},{"@type":"ImageObject","inLanguage":"es","@id":"https:\/\/eldoradomultinet.com.ar\/guia\/producto\/guias-eldorado-barberias-y-peluquerias\/#primaryimage","url":"https:\/\/eldoradomultinet.com.ar\/guia\/wp-content\/uploads\/sites\/24\/2024\/05\/Eldorado3.png","contentUrl":"https:\/\/eldoradomultinet.com.ar\/guia\/wp-content\/uploads\/sites\/24\/2024\/05\/Eldorado3.png","width":500,"height":500},{"@type":"BreadcrumbList","@id":"https:\/\/eldoradomultinet.com.ar\/guia\/producto\/guias-eldorado-barberias-y-peluquerias\/#breadcrumb","itemListElement":[{"@type":"ListItem","position":1,"name":"Portada","item":"https:\/\/eldoradomultinet.com.ar\/guia\/"},{"@type":"ListItem","position":2,"name":"GU\u00cdAS Eldorado Barberias y peluquerias"}]},{"@type":"WebSite","@id":"https:\/\/eldoradomultinet.com.ar\/guia\/#website","url":"https:\/\/eldoradomultinet.com.ar\/guia\/","name":"Gu\u00eda eldorado 100 empresas mas conocidas","description":"Eldorado Guia- 100 empresas m\u00e1s conocidas &quot;Explora nuestra completa Gu\u00eda de Negocios Locales en Eldorado, Misiones, en Eldorado MultiNet. Encuentra los mejores negocios y vive una experiencia \u00fanica.","potentialAction":[{"@type":"SearchAction","target":{"@type":"EntryPoint","urlTemplate":"https:\/\/eldoradomultinet.com.ar\/guia\/?s={search_term_string}"},"query-input":{"@type":"PropertyValueSpecification","valueRequired":true,"valueName":"search_term_string"}}],"inLanguage":"es"},{"@type":"ImageObject","inLanguage":"es","@id":"https:\/\/eldoradomultinet.com.ar\/guia\/producto\/guias-eldorado-barberias-y-peluquerias\/#local-main-organization-logo","url":"","contentUrl":"","caption":"Gu\u00eda eldorado 100 empresas mas conocidas"}]}},"_links":{"self":[{"href":"https:\/\/eldoradomultinet.com.ar\/guia\/wp-json\/wp\/v2\/product\/1284","targetHints":{"allow":["GET"]}}],"collection":[{"href":"https:\/\/eldoradomultinet.com.ar\/guia\/wp-json\/wp\/v2\/product"}],"about":[{"href":"https:\/\/eldoradomultinet.com.ar\/guia\/wp-json\/wp\/v2\/types\/product"}],"replies":[{"embeddable":true,"href":"https:\/\/eldoradomultinet.com.ar\/guia\/wp-json\/wp\/v2\/comments?post=1284"}],"wp:featuredmedia":[{"embeddable":true,"href":"https:\/\/eldoradomultinet.com.ar\/guia\/wp-json\/wp\/v2\/media\/1285"}],"wp:attachment":[{"href":"https:\/\/eldoradomultinet.com.ar\/guia\/wp-json\/wp\/v2\/media?parent=1284"}],"wp:term":[{"taxonomy":"product_brand","embeddable":true,"href":"https:\/\/eldoradomultinet.com.ar\/guia\/wp-json\/wp\/v2\/product_brand?post=1284"},{"taxonomy":"product_cat","embeddable":true,"href":"https:\/\/eldoradomultinet.com.ar\/guia\/wp-json\/wp\/v2\/product_cat?post=1284"},{"taxonomy":"product_tag","embeddable":true,"href":"https:\/\/eldoradomultinet.com.ar\/guia\/wp-json\/wp\/v2\/product_tag?post=1284"}],"curies":[{"name":"wp","href":"https:\/\/api.w.org\/{rel}","templated":true}]}}