{"id":54,"date":"2020-01-01T15:35:40","date_gmt":"2020-01-01T15:35:40","guid":{"rendered":"http:\/\/localhost\/demo\/?page_id=54"},"modified":"2020-01-01T15:35:40","modified_gmt":"2020-01-01T15:35:40","slug":"blog","status":"publish","type":"page","link":"https:\/\/eldoradomultinet.com.ar\/guia\/blog\/","title":{"rendered":"Blog"},"content":{"rendered":"","protected":false},"excerpt":{"rendered":"","protected":false},"author":2,"featured_media":0,"parent":0,"menu_order":0,"comment_status":"closed","ping_status":"closed","template":"template-page-full-width.php","meta":{"om_disable_all_campaigns":false,"_monsterinsights_skip_tracking":false,"_monsterinsights_sitenote_active":false,"_monsterinsights_sitenote_note":"","_monsterinsights_sitenote_category":0,"_uf_show_specific_survey":0,"_uf_disable_surveys":false,"footnotes":""},"class_list":["post-54","page","type-page","status-publish","hentry"],"yoast_head":"<!-- This site is optimized with the Yoast SEO Premium plugin v18.9 (Yoast SEO v25.5) - https:\/\/yoast.com\/wordpress\/plugins\/seo\/ -->\n<title>Blog - Gu\u00eda eldorado 100 empresas mas conocidas<\/title>\n<meta name=\"robots\" content=\"index, follow, max-snippet:-1, max-image-preview:large, max-video-preview:-1\" \/>\n<link rel=\"canonical\" href=\"https:\/\/eldoradomultinet.com.ar\/guia\/blog\/\" \/>\n<meta property=\"og:locale\" content=\"es_ES\" \/>\n<meta property=\"og:type\" content=\"article\" \/>\n<meta property=\"og:title\" content=\"Blog\" \/>\n<meta property=\"og:url\" content=\"https:\/\/eldoradomultinet.com.ar\/guia\/blog\/\" \/>\n<meta property=\"og:site_name\" content=\"Gu\u00eda eldorado 100 empresas mas conocidas\" \/>\n<meta name=\"twitter:card\" content=\"summary_large_image\" \/>\n<script type=\"application\/ld+json\" class=\"yoast-schema-graph\">{\"@context\":\"https:\/\/schema.org\",\"@graph\":[{\"@type\":\"WebPage\",\"@id\":\"https:\/\/eldoradomultinet.com.ar\/guia\/blog\/\",\"url\":\"https:\/\/eldoradomultinet.com.ar\/guia\/blog\/\",\"name\":\"Blog - Gu\u00eda eldorado 100 empresas mas conocidas\",\"isPartOf\":{\"@id\":\"https:\/\/eldoradomultinet.com.ar\/guia\/#website\"},\"datePublished\":\"2020-01-01T15:35:40+00:00\",\"breadcrumb\":{\"@id\":\"https:\/\/eldoradomultinet.com.ar\/guia\/blog\/#breadcrumb\"},\"inLanguage\":\"es\",\"potentialAction\":[{\"@type\":\"ReadAction\",\"target\":[\"https:\/\/eldoradomultinet.com.ar\/guia\/blog\/\"]}]},{\"@type\":\"BreadcrumbList\",\"@id\":\"https:\/\/eldoradomultinet.com.ar\/guia\/blog\/#breadcrumb\",\"itemListElement\":[{\"@type\":\"ListItem\",\"position\":1,\"name\":\"Portada\",\"item\":\"https:\/\/eldoradomultinet.com.ar\/guia\/\"},{\"@type\":\"ListItem\",\"position\":2,\"name\":\"Blog\"}]},{\"@type\":\"WebSite\",\"@id\":\"https:\/\/eldoradomultinet.com.ar\/guia\/#website\",\"url\":\"https:\/\/eldoradomultinet.com.ar\/guia\/\",\"name\":\"Gu\u00eda eldorado 100 empresas mas conocidas\",\"description\":\"Eldorado Guia- 100 empresas m\u00e1s conocidas &quot;Explora nuestra completa Gu\u00eda de Negocios Locales en Eldorado, Misiones, en Eldorado MultiNet. Encuentra los mejores negocios y vive una experiencia \u00fanica.\",\"potentialAction\":[{\"@type\":\"SearchAction\",\"target\":{\"@type\":\"EntryPoint\",\"urlTemplate\":\"https:\/\/eldoradomultinet.com.ar\/guia\/?s={search_term_string}\"},\"query-input\":{\"@type\":\"PropertyValueSpecification\",\"valueRequired\":true,\"valueName\":\"search_term_string\"}}],\"inLanguage\":\"es\"},{\"@type\":\"ImageObject\",\"inLanguage\":\"es\",\"@id\":\"https:\/\/eldoradomultinet.com.ar\/guia\/blog\/#local-main-organization-logo\",\"url\":\"\",\"contentUrl\":\"\",\"caption\":\"Gu\u00eda eldorado 100 empresas mas conocidas\"}]}<\/script>\n<!-- \/ Yoast SEO Premium plugin. -->","yoast_head_json":{"title":"Blog - Gu\u00eda eldorado 100 empresas mas conocidas","robots":{"index":"index","follow":"follow","max-snippet":"max-snippet:-1","max-image-preview":"max-image-preview:large","max-video-preview":"max-video-preview:-1"},"canonical":"https:\/\/eldoradomultinet.com.ar\/guia\/blog\/","og_locale":"es_ES","og_type":"article","og_title":"Blog","og_url":"https:\/\/eldoradomultinet.com.ar\/guia\/blog\/","og_site_name":"Gu\u00eda eldorado 100 empresas mas conocidas","twitter_card":"summary_large_image","schema":{"@context":"https:\/\/schema.org","@graph":[{"@type":"WebPage","@id":"https:\/\/eldoradomultinet.com.ar\/guia\/blog\/","url":"https:\/\/eldoradomultinet.com.ar\/guia\/blog\/","name":"Blog - Gu\u00eda eldorado 100 empresas mas conocidas","isPartOf":{"@id":"https:\/\/eldoradomultinet.com.ar\/guia\/#website"},"datePublished":"2020-01-01T15:35:40+00:00","breadcrumb":{"@id":"https:\/\/eldoradomultinet.com.ar\/guia\/blog\/#breadcrumb"},"inLanguage":"es","potentialAction":[{"@type":"ReadAction","target":["https:\/\/eldoradomultinet.com.ar\/guia\/blog\/"]}]},{"@type":"BreadcrumbList","@id":"https:\/\/eldoradomultinet.com.ar\/guia\/blog\/#breadcrumb","itemListElement":[{"@type":"ListItem","position":1,"name":"Portada","item":"https:\/\/eldoradomultinet.com.ar\/guia\/"},{"@type":"ListItem","position":2,"name":"Blog"}]},{"@type":"WebSite","@id":"https:\/\/eldoradomultinet.com.ar\/guia\/#website","url":"https:\/\/eldoradomultinet.com.ar\/guia\/","name":"Gu\u00eda eldorado 100 empresas mas conocidas","description":"Eldorado Guia- 100 empresas m\u00e1s conocidas &quot;Explora nuestra completa Gu\u00eda de Negocios Locales en Eldorado, Misiones, en Eldorado MultiNet. Encuentra los mejores negocios y vive una experiencia \u00fanica.","potentialAction":[{"@type":"SearchAction","target":{"@type":"EntryPoint","urlTemplate":"https:\/\/eldoradomultinet.com.ar\/guia\/?s={search_term_string}"},"query-input":{"@type":"PropertyValueSpecification","valueRequired":true,"valueName":"search_term_string"}}],"inLanguage":"es"},{"@type":"ImageObject","inLanguage":"es","@id":"https:\/\/eldoradomultinet.com.ar\/guia\/blog\/#local-main-organization-logo","url":"","contentUrl":"","caption":"Gu\u00eda eldorado 100 empresas mas conocidas"}]}},"_links":{"self":[{"href":"https:\/\/eldoradomultinet.com.ar\/guia\/wp-json\/wp\/v2\/pages\/54","targetHints":{"allow":["GET"]}}],"collection":[{"href":"https:\/\/eldoradomultinet.com.ar\/guia\/wp-json\/wp\/v2\/pages"}],"about":[{"href":"https:\/\/eldoradomultinet.com.ar\/guia\/wp-json\/wp\/v2\/types\/page"}],"author":[{"embeddable":true,"href":"https:\/\/eldoradomultinet.com.ar\/guia\/wp-json\/wp\/v2\/users\/2"}],"replies":[{"embeddable":true,"href":"https:\/\/eldoradomultinet.com.ar\/guia\/wp-json\/wp\/v2\/comments?post=54"}],"version-history":[{"count":0,"href":"https:\/\/eldoradomultinet.com.ar\/guia\/wp-json\/wp\/v2\/pages\/54\/revisions"}],"wp:attachment":[{"href":"https:\/\/eldoradomultinet.com.ar\/guia\/wp-json\/wp\/v2\/media?parent=54"}],"curies":[{"name":"wp","href":"https:\/\/api.w.org\/{rel}","templated":true}]}}